{"id":3431,"date":"2017-11-25T15:27:38","date_gmt":"2017-11-25T13:27:38","guid":{"rendered":"https:\/\/octa.ee\/projektid\/astellaria\/ota-yhteytta\/"},"modified":"2024-12-18T13:33:30","modified_gmt":"2024-12-18T11:33:30","slug":"kontakt","status":"publish","type":"page","link":"https:\/\/astellaria.ee\/fi\/kontakt\/","title":{"rendered":"Ota yhteytt\u00e4"},"content":{"rendered":"<div class=\"flex_column av_one_third  flex_column_div av-zero-column-padding first  \" style='border-radius:0px; '><section class=\"av_textblock_section \"  itemscope=\"itemscope\" itemtype=\"https:\/\/schema.org\/CreativeWork\" ><div class='avia_textblock  '   itemprop=\"text\" ><p><strong>Astellaria Matkatoimisto<\/strong><br \/>\nS\u00e4hk\u00f6posti:\u00a0<a href=\"mailto:info@astellaria.ee\" target=\"_blank\" rel=\"noopener\">info@astellaria.ee<\/a><br \/>\nTekstiviesti\/WhatsApp:\u00a0<a href=\"tel:502%207955\" target=\"_blank\" rel=\"noopener\">+372 50 27\u00a0955<\/a><u><\/u><u><\/u><\/p>\n<p>K\u00e4nnykk\u00e4: <a href=\"tel:502%207955\" target=\"_blank\" rel=\"noopener\">+372\u00a0502 7955<\/a><\/p>\n<p>Osoite:\u00a0<a href=\"https:\/\/maps.google.com\/?q=Sopruse+puiestee+170+13424+Tallinn,+Viro&amp;entry=gmail&amp;source=g\">Sopruse puiestee 170<\/a><br \/>\n<a href=\"https:\/\/maps.google.com\/?q=Sopruse+puiestee+170+13424+Tallinn,+Viro&amp;entry=gmail&amp;source=g\">13424 Tallinn, Viro<\/a><\/p>\n<p><img loading=\"lazy\" decoding=\"async\" class=\"alignnone size-medium wp-image-3821\" src=\"http:\/\/astellaria.ee\/wp-content\/uploads\/2017\/12\/Virve-Poom-201x300.jpg\" alt=\"\" width=\"201\" height=\"300\" srcset=\"https:\/\/astellaria.ee\/wp-content\/uploads\/2017\/12\/Virve-Poom-201x300.jpg 201w, https:\/\/astellaria.ee\/wp-content\/uploads\/2017\/12\/Virve-Poom-768x1145.jpg 768w, https:\/\/astellaria.ee\/wp-content\/uploads\/2017\/12\/Virve-Poom-691x1030.jpg 691w, https:\/\/astellaria.ee\/wp-content\/uploads\/2017\/12\/Virve-Poom-1006x1500.jpg 1006w, https:\/\/astellaria.ee\/wp-content\/uploads\/2017\/12\/Virve-Poom-473x705.jpg 473w, https:\/\/astellaria.ee\/wp-content\/uploads\/2017\/12\/Virve-Poom-450x671.jpg 450w\" sizes=\"auto, (max-width: 201px) 100vw, 201px\" \/><\/p>\n<p>Virve Poom<\/p>\n<\/div><\/section><\/div><div class=\"flex_column av_two_third  flex_column_div av-zero-column-padding   \" style='border-radius:0px; '><form action=\"https:\/\/astellaria.ee\/fi\/kontakt\/\" method=\"post\"  class=\"avia_ajax_form av-form-labels-visible    \" data-avia-form-id=\"1\" data-avia-redirect=''><fieldset><h3>Ota yhteytt\u00e4<\/h3><p class=' first_form  form_element form_element_third' id='element_avia_1_1'><label for=\"avia_1_1\">Nimi <abbr class=\"required\" title=\"required\">*<\/abbr><\/label> <input name=\"avia_1_1\" class=\"text_input is_empty\" type=\"text\" id=\"avia_1_1\" value=\"\" \/><\/p><p class=' form_element form_element_third' id='element_avia_2_1'><label for=\"avia_2_1\">Puhelin <abbr class=\"required\" title=\"required\">*<\/abbr><\/label> <input name=\"avia_2_1\" class=\"text_input is_empty\" type=\"text\" id=\"avia_2_1\" value=\"\" \/><\/p><p class=' form_element form_element_third' id='element_avia_3_1'><label for=\"avia_3_1\">S\u00e4hk\u00f6postiosoite <abbr class=\"required\" title=\"required\">*<\/abbr><\/label> <input name=\"avia_3_1\" class=\"text_input is_email\" type=\"text\" id=\"avia_3_1\" value=\"\" \/><\/p><p class=' first_form  form_element form_fullwidth av-last-visible-form-element' id='element_avia_4_1'>\t <label for=\"avia_4_1\" class=\"textare_label hidden textare_label_avia_4_1\">Lis\u00e4tietoja<\/label>\t <textarea  name=\"avia_4_1\" class=\"text_area \" cols=\"40\" rows=\"7\" id=\"avia_4_1\" ><\/textarea><\/p><p class=\"hidden\"><input type=\"text\" name=\"avia_5_1\" class=\"hidden \" id=\"avia_5_1\" value=\"\" \/><\/p><p class=\"form_element \"><input type=\"hidden\" value=\"1\" name=\"avia_generated_form1\" \/><input type=\"submit\" value=\"L\u00e4hett\u00e4\u00e4\" class=\"button\"  data-sending-label=\"Sending\"\/><\/p><\/fieldset><\/form><div id=\"ajaxresponse_1\" class=\"ajaxresponse ajaxresponse_1 hidden\"><\/div><\/div><\/p>\n<div class=\"flex_column av_one_full  flex_column_div av-zero-column-padding first  \" style='border-radius:0px; '><div class='avia-gallery  avia-gallery-1 avia_lazyload avia_animate_when_visible '  itemscope=\"itemscope\" itemtype=\"https:\/\/schema.org\/ImageObject\" ><div class='avia-gallery-thumb'> <a href='https:\/\/astellaria.ee\/wp-content\/uploads\/2017\/11\/0085-min-1030x690.jpg' data-rel='gallery-1' data-prev-img='https:\/\/astellaria.ee\/wp-content\/uploads\/2017\/11\/0085-min-495x400.jpg' class='first_thumb lightbox ' data-onclick='1' title=''  itemprop=\"thumbnailUrl\" ><img  src='https:\/\/astellaria.ee\/wp-content\/uploads\/2017\/11\/0085-min-495x400.jpg' width='495' height='400'  title='0085-min' alt='' \/><\/a> <a href='https:\/\/astellaria.ee\/wp-content\/uploads\/2017\/11\/0114-min-1030x690.jpg' data-rel='gallery-1' data-prev-img='https:\/\/astellaria.ee\/wp-content\/uploads\/2017\/11\/0114-min-495x400.jpg' class='lightbox ' data-onclick='2' title=''  itemprop=\"thumbnailUrl\" ><img  src='https:\/\/astellaria.ee\/wp-content\/uploads\/2017\/11\/0114-min-495x400.jpg' width='495' height='400'  title='0114-min' alt='' \/><\/a> <a href='https:\/\/astellaria.ee\/wp-content\/uploads\/2017\/11\/B-min-1030x690.jpg' data-rel='gallery-1' data-prev-img='https:\/\/astellaria.ee\/wp-content\/uploads\/2017\/11\/B-min-495x400.jpg' class='lightbox ' data-onclick='3' title=''  itemprop=\"thumbnailUrl\" ><img  src='https:\/\/astellaria.ee\/wp-content\/uploads\/2017\/11\/B-min-495x400.jpg' width='495' height='400'  title='B-min' alt='' \/><\/a> <a href='https:\/\/astellaria.ee\/wp-content\/uploads\/2017\/11\/Lilleniit_333-min-1030x691.jpg' data-rel='gallery-1' data-prev-img='https:\/\/astellaria.ee\/wp-content\/uploads\/2017\/11\/Lilleniit_333-min-495x400.jpg' class='lightbox ' data-onclick='4' title=''  itemprop=\"thumbnailUrl\" ><img  src='https:\/\/astellaria.ee\/wp-content\/uploads\/2017\/11\/Lilleniit_333-min-495x400.jpg' width='495' height='400'  title='Lilleniit_333-min' alt='' \/><\/a><\/div><\/div><\/div>\n<section class=\"av_textblock_section \"  itemscope=\"itemscope\" itemtype=\"https:\/\/schema.org\/CreativeWork\" ><div class='avia_textblock  '   itemprop=\"text\" ><p>\u00a9 Virve Poomin puutarhan kuvia<\/p>\n<\/div><\/section>\n","protected":false},"excerpt":{"rendered":"","protected":false},"author":1,"featured_media":0,"parent":0,"menu_order":0,"comment_status":"closed","ping_status":"closed","template":"","meta":{"footnotes":""},"class_list":["post-3431","page","type-page","status-publish","hentry"],"_links":{"self":[{"href":"https:\/\/astellaria.ee\/fi\/wp-json\/wp\/v2\/pages\/3431","targetHints":{"allow":["GET"]}}],"collection":[{"href":"https:\/\/astellaria.ee\/fi\/wp-json\/wp\/v2\/pages"}],"about":[{"href":"https:\/\/astellaria.ee\/fi\/wp-json\/wp\/v2\/types\/page"}],"author":[{"embeddable":true,"href":"https:\/\/astellaria.ee\/fi\/wp-json\/wp\/v2\/users\/1"}],"replies":[{"embeddable":true,"href":"https:\/\/astellaria.ee\/fi\/wp-json\/wp\/v2\/comments?post=3431"}],"version-history":[{"count":16,"href":"https:\/\/astellaria.ee\/fi\/wp-json\/wp\/v2\/pages\/3431\/revisions"}],"predecessor-version":[{"id":11517,"href":"https:\/\/astellaria.ee\/fi\/wp-json\/wp\/v2\/pages\/3431\/revisions\/11517"}],"wp:attachment":[{"href":"https:\/\/astellaria.ee\/fi\/wp-json\/wp\/v2\/media?parent=3431"}],"curies":[{"name":"wp","href":"https:\/\/api.w.org\/{rel}","templated":true}]}}